{"id":9573,"date":"2025-11-04T15:58:03","date_gmt":"2025-11-04T14:58:03","guid":{"rendered":"https:\/\/reviu.ch\/?page_id=9573"},"modified":"2026-01-29T10:06:40","modified_gmt":"2026-01-29T09:06:40","slug":"merrell","status":"publish","type":"page","link":"https:\/\/reviu.ch\/en\/referenzen\/merrell\/","title":{"rendered":"Merrell"},"content":{"rendered":"<div data-elementor-type=\"wp-page\" data-elementor-id=\"9573\" class=\"elementor elementor-9573\" data-elementor-post-type=\"page\">\n\t\t\t\t<div class=\"elementor-element elementor-element-6c3e73f0 e-flex e-con-boxed e-con e-parent\" data-id=\"6c3e73f0\" data-element_type=\"container\" data-settings=\"{&quot;background_background&quot;:&quot;classic&quot;}\">\n\t\t\t\t\t<div class=\"e-con-inner\">\n\t\t<div class=\"elementor-element elementor-element-43e0bf90 e-con-full e-flex e-con e-child\" data-id=\"43e0bf90\" data-element_type=\"container\">\n\t\t\t\t<div class=\"elementor-element elementor-element-503b4bdd elementor-widget elementor-widget-heading\" data-id=\"503b4bdd\" data-element_type=\"widget\" data-widget_type=\"heading.default\">\n\t\t\t\t<div class=\"elementor-widget-container\">\n\t\t\t\t\t<p class=\"elementor-heading-title elementor-size-default\">Zurich, Zurich<\/p>\t\t\t\t<\/div>\n\t\t\t\t<\/div>\n\t\t\t\t<div class=\"elementor-element elementor-element-af79810 elementor-widget elementor-widget-heading\" data-id=\"af79810\" data-element_type=\"widget\" data-widget_type=\"heading.default\">\n\t\t\t\t<div class=\"elementor-widget-container\">\n\t\t\t\t\t<h1 class=\"elementor-heading-title elementor-size-default\">Merrell<\/h1>\t\t\t\t<\/div>\n\t\t\t\t<\/div>\n\t\t\t\t<div class=\"elementor-element elementor-element-3627d13a elementor-widget-divider--view-line elementor-widget elementor-widget-divider\" data-id=\"3627d13a\" data-element_type=\"widget\" data-widget_type=\"divider.default\">\n\t\t\t\t<div class=\"elementor-widget-container\">\n\t\t\t\t\t\t\t<div class=\"elementor-divider\">\n\t\t\t<span class=\"elementor-divider-separator\">\n\t\t\t\t\t\t<\/span>\n\t\t<\/div>\n\t\t\t\t\t\t<\/div>\n\t\t\t\t<\/div>\n\t\t\t\t<\/div>\n\t\t\t\t\t<\/div>\n\t\t\t\t<\/div>\n\t\t<div class=\"elementor-element elementor-element-21b9467e e-con-full e-flex e-con e-parent\" data-id=\"21b9467e\" data-element_type=\"container\">\n\t\t<div class=\"elementor-element elementor-element-63fc3992 e-con-full e-flex e-con e-child\" data-id=\"63fc3992\" data-element_type=\"container\">\n\t\t<div class=\"elementor-element elementor-element-729d3aed e-con-full e-flex e-con e-child\" data-id=\"729d3aed\" data-element_type=\"container\" data-settings=\"{&quot;background_background&quot;:&quot;classic&quot;}\">\n\t\t<div class=\"elementor-element elementor-element-38c22f15 e-con-full e-flex e-con e-child\" data-id=\"38c22f15\" data-element_type=\"container\">\n\t\t<div class=\"elementor-element elementor-element-a88d022 e-con-full e-flex e-con e-child\" data-id=\"a88d022\" data-element_type=\"container\">\n\t\t\t\t<div class=\"elementor-element elementor-element-579b19e elementor-widget elementor-widget-video\" data-id=\"579b19e\" data-element_type=\"widget\" data-settings=\"{&quot;video_type&quot;:&quot;hosted&quot;,&quot;controls&quot;:&quot;yes&quot;}\" data-widget_type=\"video.default\">\n\t\t\t\t<div class=\"elementor-widget-container\">\n\t\t\t\t\t\t\t<div class=\"e-hosted-video elementor-wrapper elementor-open-inline\">\n\t\t\t\t\t<video class=\"elementor-video\" src=\"https:\/\/reviu.ch\/wp-content\/uploads\/2025\/11\/Merrell-FS-25_Film_02_16zu9.mp4\" controls=\"\" preload=\"metadata\" controlslist=\"nodownload\"><\/video>\n\t\t\t\t<\/div>\n\t\t\t\t\t\t<\/div>\n\t\t\t\t<\/div>\n\t\t\t\t<\/div>\n\t\t\t\t<div class=\"elementor-element elementor-element-6ad674c2 elementor-widget elementor-widget-text-editor\" data-id=\"6ad674c2\" data-element_type=\"widget\" data-widget_type=\"text-editor.default\">\n\t\t\t\t<div class=\"elementor-widget-container\">\n\t\t\t\t\t\t\t\t\t<p>Director:\u00a0<a href=\"https:\/\/www.instagram.com\/maxime.burri\/\">@maxime.burri<\/a><br \/>DoP:\u00a0<a href=\"https:\/\/www.instagram.com\/arnokost\/\">@arnokost<\/a><br \/>Editor:\u00a0<a href=\"https:\/\/www.instagram.com\/anian.videography\/\">@anian.videography<\/a><br \/>Client:\u00a0<a href=\"https:\/\/www.instagram.com\/merrell_switzerland\/\">@merrell_switzerland<\/a><br \/>Production:\u00a0<a href=\"https:\/\/www.instagram.com\/reviu.ch\/\">@reviu.ch<\/a><br \/>Executive Producer: <a href=\"https:\/\/www.instagram.com\/robinegli\/\">@robinegli<\/a><br \/>Color: <a href=\"https:\/\/www.instagram.com\/anian.videography\/\">@anian.videography<\/a><br \/>SFX:\u00a0<a href=\"https:\/\/www.instagram.com\/anian.videography\/\">@anian.videography<\/a><\/p><p>Cast: <a href=\"https:\/\/www.instagram.com\/liebert.sarah\/\">@liebert.sarah <\/a><a href=\"https:\/\/www.instagram.com\/noelia.melillo\/\">@noelia.melillo <\/a><a href=\"https:\/\/www.instagram.com\/dalvin.cory\/\">@dalvin.cory<\/a><\/p>\t\t\t\t\t\t\t\t<\/div>\n\t\t\t\t<\/div>\n\t\t\t\t<\/div>\n\t\t\t\t<\/div>\n\t\t\t\t<\/div>\n\t\t\t\t<\/div>\n\t\t<div class=\"elementor-element elementor-element-752226d6 e-flex e-con-boxed e-con e-parent\" data-id=\"752226d6\" data-element_type=\"container\" data-settings=\"{&quot;background_background&quot;:&quot;classic&quot;}\">\n\t\t\t\t\t<div class=\"e-con-inner\">\n\t\t<div class=\"elementor-element elementor-element-8809c56 e-con-full e-flex e-con e-child\" data-id=\"8809c56\" data-element_type=\"container\" data-settings=\"{&quot;background_background&quot;:&quot;classic&quot;}\">\n\t\t<div class=\"elementor-element elementor-element-ca6c767 e-con-full e-flex e-con e-child\" data-id=\"ca6c767\" data-element_type=\"container\">\n\t\t\t\t<div class=\"elementor-element elementor-element-bea5a0f elementor-view-default elementor-widget elementor-widget-icon\" data-id=\"bea5a0f\" data-element_type=\"widget\" data-widget_type=\"icon.default\">\n\t\t\t\t<div class=\"elementor-widget-container\">\n\t\t\t\t\t\t\t<div class=\"elementor-icon-wrapper\">\n\t\t\t<div class=\"elementor-icon\">\n\t\t\t<i aria-hidden=\"true\" class=\"fas fa-quote-right\"><\/i>\t\t\t<\/div>\n\t\t<\/div>\n\t\t\t\t\t\t<\/div>\n\t\t\t\t<\/div>\n\t\t\t\t<div class=\"elementor-element elementor-element-7514a0f elementor-widget elementor-widget-heading\" data-id=\"7514a0f\" data-element_type=\"widget\" data-widget_type=\"heading.default\">\n\t\t\t\t<div class=\"elementor-widget-container\">\n\t\t\t\t\t<h3 class=\"elementor-heading-title elementor-size-default\">Let's talk<\/h3>\t\t\t\t<\/div>\n\t\t\t\t<\/div>\n\t\t\t\t<div class=\"elementor-element elementor-element-1d57814 elementor-widget elementor-widget-text-editor\" data-id=\"1d57814\" data-element_type=\"widget\" data-widget_type=\"text-editor.default\">\n\t\t\t\t<div class=\"elementor-widget-container\">\n\t\t\t\t\t\t\t\t\tIf you are interested or have any questions, we will be happy to take the time to explain our offer to you individually and without obligation.\t\t\t\t\t\t\t\t<\/div>\n\t\t\t\t<\/div>\n\t\t\t\t<div class=\"elementor-element elementor-element-46e4283 elementor-align-center elementor-widget__width-initial elementor-mobile-align-center elementor-widget elementor-widget-button\" data-id=\"46e4283\" data-element_type=\"widget\" data-widget_type=\"button.default\">\n\t\t\t\t<div class=\"elementor-widget-container\">\n\t\t\t\t\t\t\t\t\t<div class=\"elementor-button-wrapper\">\n\t\t\t\t\t<a class=\"elementor-button elementor-button-link elementor-size-sm elementor-animation-float\" href=\"https:\/\/reviu.ch\/en\/kontakt\/\">\n\t\t\t\t\t\t<span class=\"elementor-button-content-wrapper\">\n\t\t\t\t\t\t\t\t\t<span class=\"elementor-button-text\">Contact us<\/span>\n\t\t\t\t\t<\/span>\n\t\t\t\t\t<\/a>\n\t\t\t\t<\/div>\n\t\t\t\t\t\t\t\t<\/div>\n\t\t\t\t<\/div>\n\t\t\t\t<\/div>\n\t\t<div class=\"elementor-element elementor-element-92e20f0 e-con-full animated-slow e-flex elementor-invisible e-con e-child\" data-id=\"92e20f0\" data-element_type=\"container\" data-settings=\"{&quot;animation&quot;:&quot;fadeIn&quot;}\">\n\t\t\t\t<div class=\"elementor-element elementor-element-f07c512 elementor-widget elementor-widget-image\" data-id=\"f07c512\" data-element_type=\"widget\" data-widget_type=\"image.default\">\n\t\t\t\t<div class=\"elementor-widget-container\">\n\t\t\t\t\t\t\t\t\t\t\t\t\t\t\t<img fetchpriority=\"high\" decoding=\"async\" width=\"3000\" height=\"3000\" src=\"https:\/\/reviu.ch\/wp-content\/uploads\/2024\/04\/Maxime_1x1.jpg\" class=\"attachment-full size-full wp-image-9180\" alt=\"Portrait von Maxime Burri von Reviu.\" srcset=\"https:\/\/reviu.ch\/wp-content\/uploads\/2024\/04\/Maxime_1x1.jpg 3000w, https:\/\/reviu.ch\/wp-content\/uploads\/2024\/04\/Maxime_1x1-300x300.jpg 300w, https:\/\/reviu.ch\/wp-content\/uploads\/2024\/04\/Maxime_1x1-1024x1024.jpg 1024w, https:\/\/reviu.ch\/wp-content\/uploads\/2024\/04\/Maxime_1x1-150x150.jpg 150w, https:\/\/reviu.ch\/wp-content\/uploads\/2024\/04\/Maxime_1x1-768x768.jpg 768w, https:\/\/reviu.ch\/wp-content\/uploads\/2024\/04\/Maxime_1x1-1536x1536.jpg 1536w, https:\/\/reviu.ch\/wp-content\/uploads\/2024\/04\/Maxime_1x1-2048x2048.jpg 2048w, https:\/\/reviu.ch\/wp-content\/uploads\/2024\/04\/Maxime_1x1-12x12.jpg 12w\" sizes=\"(max-width: 3000px) 100vw, 3000px\" \/>\t\t\t\t\t\t\t\t\t\t\t\t\t\t\t<\/div>\n\t\t\t\t<\/div>\n\t\t\t\t<div class=\"elementor-element elementor-element-ba51cf3 elementor-widget elementor-widget-heading\" data-id=\"ba51cf3\" data-element_type=\"widget\" data-widget_type=\"heading.default\">\n\t\t\t\t<div class=\"elementor-widget-container\">\n\t\t\t\t\t<h4 class=\"elementor-heading-title elementor-size-default\">Maxime Burri<\/h4>\t\t\t\t<\/div>\n\t\t\t\t<\/div>\n\t\t\t\t<div class=\"elementor-element elementor-element-44d6dd1 elementor-widget elementor-widget-heading\" data-id=\"44d6dd1\" data-element_type=\"widget\" data-widget_type=\"heading.default\">\n\t\t\t\t<div class=\"elementor-widget-container\">\n\t\t\t\t\t<h5 class=\"elementor-heading-title elementor-size-default\">Managing Director<\/h5>\t\t\t\t<\/div>\n\t\t\t\t<\/div>\n\t\t\t\t<div class=\"elementor-element elementor-element-5b9dcd2 elementor-icon-list--layout-inline elementor-align-center elementor-list-item-link-full_width elementor-widget elementor-widget-icon-list\" data-id=\"5b9dcd2\" data-element_type=\"widget\" data-widget_type=\"icon-list.default\">\n\t\t\t\t<div class=\"elementor-widget-container\">\n\t\t\t\t\t\t\t<ul class=\"elementor-icon-list-items elementor-inline-items\">\n\t\t\t\t\t\t\t<li class=\"elementor-icon-list-item elementor-inline-item\">\n\t\t\t\t\t\t\t\t\t\t\t<a href=\"tel:+41798113447\">\n\n\t\t\t\t\t\t\t\t\t\t\t\t<span class=\"elementor-icon-list-icon\">\n\t\t\t\t\t\t\t<i aria-hidden=\"true\" class=\"fas fa-phone-alt\"><\/i>\t\t\t\t\t\t<\/span>\n\t\t\t\t\t\t\t\t\t\t<span class=\"elementor-icon-list-text\"><\/span>\n\t\t\t\t\t\t\t\t\t\t\t<\/a>\n\t\t\t\t\t\t\t\t\t<\/li>\n\t\t\t\t\t\t\t\t<li class=\"elementor-icon-list-item elementor-inline-item\">\n\t\t\t\t\t\t\t\t\t\t\t<a href=\"mailto:info@reviu.ch\">\n\n\t\t\t\t\t\t\t\t\t\t\t\t<span class=\"elementor-icon-list-icon\">\n\t\t\t\t\t\t\t<i aria-hidden=\"true\" class=\"fas fa-envelope\"><\/i>\t\t\t\t\t\t<\/span>\n\t\t\t\t\t\t\t\t\t\t<span class=\"elementor-icon-list-text\"><\/span>\n\t\t\t\t\t\t\t\t\t\t\t<\/a>\n\t\t\t\t\t\t\t\t\t<\/li>\n\t\t\t\t\t\t\t\t<li class=\"elementor-icon-list-item elementor-inline-item\">\n\t\t\t\t\t\t\t\t\t\t\t<a href=\"http:\/\/linkedin.com\/in\/maxime-burri\" target=\"_blank\">\n\n\t\t\t\t\t\t\t\t\t\t\t\t<span class=\"elementor-icon-list-icon\">\n\t\t\t\t\t\t\t<i aria-hidden=\"true\" class=\"fab fa-linkedin\"><\/i>\t\t\t\t\t\t<\/span>\n\t\t\t\t\t\t\t\t\t\t<span class=\"elementor-icon-list-text\"><\/span>\n\t\t\t\t\t\t\t\t\t\t\t<\/a>\n\t\t\t\t\t\t\t\t\t<\/li>\n\t\t\t\t\t\t<\/ul>\n\t\t\t\t\t\t<\/div>\n\t\t\t\t<\/div>\n\t\t\t\t<\/div>\n\t\t\t\t<\/div>\n\t\t\t\t\t<\/div>\n\t\t\t\t<\/div>\n\t\t\t\t<\/div>","protected":false},"excerpt":{"rendered":"<p>Zurich, Zurich Merrell https:\/\/reviu.ch\/wp-content\/uploads\/2025\/11\/Merrell-FS-25_Film_02_16zu9.mp4 Director: @maxime.burriDoP: @arnokostEditor: @anian.videographyClient: @merrell_switzerlandProduction: @reviu.chExecutive Producer: @robinegliColor: @anian.videographySFX: @anian.videography Cast: @liebert.sarah @noelia.melillo @dalvin.cory Let's talk If you are interested or have any questions, we will be happy to take the time to explain our offer to you individually and without obligation. Contact Maxime Burri Managing Director<\/p>","protected":false},"author":2,"featured_media":9570,"parent":4406,"menu_order":0,"comment_status":"closed","ping_status":"closed","template":"","meta":{"footnotes":""},"folder":[],"class_list":["post-9573","page","type-page","status-publish","has-post-thumbnail","hentry"],"yoast_head":"<!-- This site is optimized with the Yoast SEO plugin v27.4 - https:\/\/yoast.com\/product\/yoast-seo-wordpress\/ -->\n<title>Merrell - REVIU - be seen<\/title>\n<meta name=\"robots\" content=\"index, follow, max-snippet:-1, max-image-preview:large, max-video-preview:-1\" \/>\n<link rel=\"canonical\" href=\"https:\/\/reviu.ch\/en\/referenzen\/merrell\/\" \/>\n<meta property=\"og:locale\" content=\"en_US\" \/>\n<meta property=\"og:type\" content=\"article\" \/>\n<meta property=\"og:title\" content=\"Merrell - REVIU - be seen\" \/>\n<meta property=\"og:description\" content=\"Z\u00fcrich, Z\u00fcrich Merrell https:\/\/reviu.ch\/wp-content\/uploads\/2025\/11\/Merrell-FS-25_Film_02_16zu9.mp4 Director:\u00a0@maxime.burriDoP:\u00a0@arnokostEditor:\u00a0@anian.videographyClient:\u00a0@merrell_switzerlandProduction:\u00a0@reviu.chExecutive Producer: @robinegliColor: @anian.videographySFX:\u00a0@anian.videography Cast: @liebert.sarah @noelia.melillo @dalvin.cory Let&#8217;s talk Bei Interesse oder Fragen nehmen wir uns gerne unverbindlich Zeit, dir individuell unser Angebot n\u00e4her zu bringen. Kontakt Maxime Burri Gesch\u00e4ftsf\u00fchrer\" \/>\n<meta property=\"og:url\" content=\"https:\/\/reviu.ch\/en\/referenzen\/merrell\/\" \/>\n<meta property=\"og:site_name\" content=\"REVIU - be seen\" \/>\n<meta property=\"article:modified_time\" content=\"2026-01-29T09:06:40+00:00\" \/>\n<meta property=\"og:image\" content=\"https:\/\/reviu.ch\/wp-content\/uploads\/2025\/10\/Screenshot-31.10.2025-um-15.47.24-PM.jpg\" \/>\n\t<meta property=\"og:image:width\" content=\"1874\" \/>\n\t<meta property=\"og:image:height\" content=\"1412\" \/>\n\t<meta property=\"og:image:type\" content=\"image\/jpeg\" \/>\n<meta name=\"twitter:card\" content=\"summary_large_image\" \/>\n<meta name=\"twitter:label1\" content=\"Est. reading time\" \/>\n\t<meta name=\"twitter:data1\" content=\"1 minute\" \/>\n<script type=\"application\/ld+json\" class=\"yoast-schema-graph\">{\"@context\":\"https:\\\/\\\/schema.org\",\"@graph\":[{\"@type\":\"WebPage\",\"@id\":\"https:\\\/\\\/reviu.ch\\\/referenzen\\\/merrell\\\/\",\"url\":\"https:\\\/\\\/reviu.ch\\\/referenzen\\\/merrell\\\/\",\"name\":\"Merrell - REVIU - be seen\",\"isPartOf\":{\"@id\":\"https:\\\/\\\/reviu.ch\\\/#website\"},\"primaryImageOfPage\":{\"@id\":\"https:\\\/\\\/reviu.ch\\\/referenzen\\\/merrell\\\/#primaryimage\"},\"image\":{\"@id\":\"https:\\\/\\\/reviu.ch\\\/referenzen\\\/merrell\\\/#primaryimage\"},\"thumbnailUrl\":\"https:\\\/\\\/reviu.ch\\\/wp-content\\\/uploads\\\/2025\\\/10\\\/Screenshot-31.10.2025-um-15.47.24-PM.jpg\",\"datePublished\":\"2025-11-04T14:58:03+00:00\",\"dateModified\":\"2026-01-29T09:06:40+00:00\",\"breadcrumb\":{\"@id\":\"https:\\\/\\\/reviu.ch\\\/referenzen\\\/merrell\\\/#breadcrumb\"},\"inLanguage\":\"en-US\",\"potentialAction\":[{\"@type\":\"ReadAction\",\"target\":[\"https:\\\/\\\/reviu.ch\\\/referenzen\\\/merrell\\\/\"]}]},{\"@type\":\"ImageObject\",\"inLanguage\":\"en-US\",\"@id\":\"https:\\\/\\\/reviu.ch\\\/referenzen\\\/merrell\\\/#primaryimage\",\"url\":\"https:\\\/\\\/reviu.ch\\\/wp-content\\\/uploads\\\/2025\\\/10\\\/Screenshot-31.10.2025-um-15.47.24-PM.jpg\",\"contentUrl\":\"https:\\\/\\\/reviu.ch\\\/wp-content\\\/uploads\\\/2025\\\/10\\\/Screenshot-31.10.2025-um-15.47.24-PM.jpg\",\"width\":1874,\"height\":1412},{\"@type\":\"BreadcrumbList\",\"@id\":\"https:\\\/\\\/reviu.ch\\\/referenzen\\\/merrell\\\/#breadcrumb\",\"itemListElement\":[{\"@type\":\"ListItem\",\"position\":1,\"name\":\"Startseite\",\"item\":\"https:\\\/\\\/reviu.ch\\\/\"},{\"@type\":\"ListItem\",\"position\":2,\"name\":\"Referenzen\",\"item\":\"https:\\\/\\\/reviu.ch\\\/referenzen\\\/\"},{\"@type\":\"ListItem\",\"position\":3,\"name\":\"Merrell\"}]},{\"@type\":\"WebSite\",\"@id\":\"https:\\\/\\\/reviu.ch\\\/#website\",\"url\":\"https:\\\/\\\/reviu.ch\\\/\",\"name\":\"REVIU - be seen\",\"description\":\"\",\"publisher\":{\"@id\":\"https:\\\/\\\/reviu.ch\\\/#organization\"},\"potentialAction\":[{\"@type\":\"SearchAction\",\"target\":{\"@type\":\"EntryPoint\",\"urlTemplate\":\"https:\\\/\\\/reviu.ch\\\/?s={search_term_string}\"},\"query-input\":{\"@type\":\"PropertyValueSpecification\",\"valueRequired\":true,\"valueName\":\"search_term_string\"}}],\"inLanguage\":\"en-US\"},{\"@type\":\"Organization\",\"@id\":\"https:\\\/\\\/reviu.ch\\\/#organization\",\"name\":\"REVIU - be seen\",\"url\":\"https:\\\/\\\/reviu.ch\\\/\",\"logo\":{\"@type\":\"ImageObject\",\"inLanguage\":\"en-US\",\"@id\":\"https:\\\/\\\/reviu.ch\\\/#\\\/schema\\\/logo\\\/image\\\/\",\"url\":\"https:\\\/\\\/reviu.ch\\\/wp-content\\\/uploads\\\/2023\\\/01\\\/logo_reviu.png\",\"contentUrl\":\"https:\\\/\\\/reviu.ch\\\/wp-content\\\/uploads\\\/2023\\\/01\\\/logo_reviu.png\",\"width\":3000,\"height\":1107,\"caption\":\"REVIU - be seen\"},\"image\":{\"@id\":\"https:\\\/\\\/reviu.ch\\\/#\\\/schema\\\/logo\\\/image\\\/\"}}]}<\/script>\n<!-- \/ Yoast SEO plugin. -->","yoast_head_json":{"title":"Merrell - REVIU - be seen","robots":{"index":"index","follow":"follow","max-snippet":"max-snippet:-1","max-image-preview":"max-image-preview:large","max-video-preview":"max-video-preview:-1"},"canonical":"https:\/\/reviu.ch\/en\/referenzen\/merrell\/","og_locale":"en_US","og_type":"article","og_title":"Merrell - REVIU - be seen","og_description":"Z\u00fcrich, Z\u00fcrich Merrell https:\/\/reviu.ch\/wp-content\/uploads\/2025\/11\/Merrell-FS-25_Film_02_16zu9.mp4 Director:\u00a0@maxime.burriDoP:\u00a0@arnokostEditor:\u00a0@anian.videographyClient:\u00a0@merrell_switzerlandProduction:\u00a0@reviu.chExecutive Producer: @robinegliColor: @anian.videographySFX:\u00a0@anian.videography Cast: @liebert.sarah @noelia.melillo @dalvin.cory Let&#8217;s talk Bei Interesse oder Fragen nehmen wir uns gerne unverbindlich Zeit, dir individuell unser Angebot n\u00e4her zu bringen. Kontakt Maxime Burri Gesch\u00e4ftsf\u00fchrer","og_url":"https:\/\/reviu.ch\/en\/referenzen\/merrell\/","og_site_name":"REVIU - be seen","article_modified_time":"2026-01-29T09:06:40+00:00","og_image":[{"width":1874,"height":1412,"url":"https:\/\/reviu.ch\/wp-content\/uploads\/2025\/10\/Screenshot-31.10.2025-um-15.47.24-PM.jpg","type":"image\/jpeg"}],"twitter_card":"summary_large_image","twitter_misc":{"Est. reading time":"1 minute"},"schema":{"@context":"https:\/\/schema.org","@graph":[{"@type":"WebPage","@id":"https:\/\/reviu.ch\/referenzen\/merrell\/","url":"https:\/\/reviu.ch\/referenzen\/merrell\/","name":"Merrell - REVIU - be seen","isPartOf":{"@id":"https:\/\/reviu.ch\/#website"},"primaryImageOfPage":{"@id":"https:\/\/reviu.ch\/referenzen\/merrell\/#primaryimage"},"image":{"@id":"https:\/\/reviu.ch\/referenzen\/merrell\/#primaryimage"},"thumbnailUrl":"https:\/\/reviu.ch\/wp-content\/uploads\/2025\/10\/Screenshot-31.10.2025-um-15.47.24-PM.jpg","datePublished":"2025-11-04T14:58:03+00:00","dateModified":"2026-01-29T09:06:40+00:00","breadcrumb":{"@id":"https:\/\/reviu.ch\/referenzen\/merrell\/#breadcrumb"},"inLanguage":"en-US","potentialAction":[{"@type":"ReadAction","target":["https:\/\/reviu.ch\/referenzen\/merrell\/"]}]},{"@type":"ImageObject","inLanguage":"en-US","@id":"https:\/\/reviu.ch\/referenzen\/merrell\/#primaryimage","url":"https:\/\/reviu.ch\/wp-content\/uploads\/2025\/10\/Screenshot-31.10.2025-um-15.47.24-PM.jpg","contentUrl":"https:\/\/reviu.ch\/wp-content\/uploads\/2025\/10\/Screenshot-31.10.2025-um-15.47.24-PM.jpg","width":1874,"height":1412},{"@type":"BreadcrumbList","@id":"https:\/\/reviu.ch\/referenzen\/merrell\/#breadcrumb","itemListElement":[{"@type":"ListItem","position":1,"name":"Startseite","item":"https:\/\/reviu.ch\/"},{"@type":"ListItem","position":2,"name":"Referenzen","item":"https:\/\/reviu.ch\/referenzen\/"},{"@type":"ListItem","position":3,"name":"Merrell"}]},{"@type":"WebSite","@id":"https:\/\/reviu.ch\/#website","url":"https:\/\/reviu.ch\/","name":"REVIU - be seen","description":"","publisher":{"@id":"https:\/\/reviu.ch\/#organization"},"potentialAction":[{"@type":"SearchAction","target":{"@type":"EntryPoint","urlTemplate":"https:\/\/reviu.ch\/?s={search_term_string}"},"query-input":{"@type":"PropertyValueSpecification","valueRequired":true,"valueName":"search_term_string"}}],"inLanguage":"en-US"},{"@type":"Organization","@id":"https:\/\/reviu.ch\/#organization","name":"REVIU - be seen","url":"https:\/\/reviu.ch\/","logo":{"@type":"ImageObject","inLanguage":"en-US","@id":"https:\/\/reviu.ch\/#\/schema\/logo\/image\/","url":"https:\/\/reviu.ch\/wp-content\/uploads\/2023\/01\/logo_reviu.png","contentUrl":"https:\/\/reviu.ch\/wp-content\/uploads\/2023\/01\/logo_reviu.png","width":3000,"height":1107,"caption":"REVIU - be seen"},"image":{"@id":"https:\/\/reviu.ch\/#\/schema\/logo\/image\/"}}]}},"_links":{"self":[{"href":"https:\/\/reviu.ch\/en\/wp-json\/wp\/v2\/pages\/9573","targetHints":{"allow":["GET"]}}],"collection":[{"href":"https:\/\/reviu.ch\/en\/wp-json\/wp\/v2\/pages"}],"about":[{"href":"https:\/\/reviu.ch\/en\/wp-json\/wp\/v2\/types\/page"}],"author":[{"embeddable":true,"href":"https:\/\/reviu.ch\/en\/wp-json\/wp\/v2\/users\/2"}],"replies":[{"embeddable":true,"href":"https:\/\/reviu.ch\/en\/wp-json\/wp\/v2\/comments?post=9573"}],"version-history":[{"count":10,"href":"https:\/\/reviu.ch\/en\/wp-json\/wp\/v2\/pages\/9573\/revisions"}],"predecessor-version":[{"id":9765,"href":"https:\/\/reviu.ch\/en\/wp-json\/wp\/v2\/pages\/9573\/revisions\/9765"}],"up":[{"embeddable":true,"href":"https:\/\/reviu.ch\/en\/wp-json\/wp\/v2\/pages\/4406"}],"wp:featuredmedia":[{"embeddable":true,"href":"https:\/\/reviu.ch\/en\/wp-json\/wp\/v2\/media\/9570"}],"wp:attachment":[{"href":"https:\/\/reviu.ch\/en\/wp-json\/wp\/v2\/media?parent=9573"}],"wp:term":[{"taxonomy":"folder","embeddable":true,"href":"https:\/\/reviu.ch\/en\/wp-json\/wp\/v2\/folder?post=9573"}],"curies":[{"name":"wp","href":"https:\/\/api.w.org\/{rel}","templated":true}]}}